{"id":9,"date":"2026-05-08T07:54:02","date_gmt":"2026-05-08T07:54:02","guid":{"rendered":"https:\/\/nhadathopnghia.com\/?page_id=9"},"modified":"2026-05-13T07:16:20","modified_gmt":"2026-05-13T07:16:20","slug":"trang-chu","status":"publish","type":"page","link":"https:\/\/nhadathopnghia.com\/","title":{"rendered":"Trang ch\u1ee7"},"content":{"rendered":"\t\t<div data-elementor-type=\"wp-page\" data-elementor-id=\"9\" class=\"elementor elementor-9\">\n\t\t\t\t<div class=\"elementor-element elementor-element-a297fe5 e-con-full e-flex e-con e-parent\" data-id=\"a297fe5\" data-element_type=\"container\" data-e-type=\"container\">\n\t\t\t\t<div class=\"elementor-element elementor-element-2a67b91 elementor-widget elementor-widget-image\" data-id=\"2a67b91\" data-element_type=\"widget\" data-e-type=\"widget\" data-widget_type=\"image.default\">\n\t\t\t\t\t\t\t\t\t\t\t\t\t\t\t<img fetchpriority=\"high\" decoding=\"async\" width=\"1024\" height=\"576\" src=\"https:\/\/nhadathopnghia.com\/wp-content\/uploads\/2026\/05\/IMG_1360-1024x576.png\" class=\"attachment-large size-large wp-image-19\" alt=\"\" srcset=\"https:\/\/nhadathopnghia.com\/wp-content\/uploads\/2026\/05\/IMG_1360-1024x576.png 1024w, https:\/\/nhadathopnghia.com\/wp-content\/uploads\/2026\/05\/IMG_1360-300x169.png 300w, https:\/\/nhadathopnghia.com\/wp-content\/uploads\/2026\/05\/IMG_1360-768x432.png 768w, https:\/\/nhadathopnghia.com\/wp-content\/uploads\/2026\/05\/IMG_1360-1536x864.png 1536w, https:\/\/nhadathopnghia.com\/wp-content\/uploads\/2026\/05\/IMG_1360.png 2048w\" sizes=\"(max-width: 1024px) 100vw, 1024px\" \/>\t\t\t\t\t\t\t\t\t\t\t\t\t\t\t<\/div>\n\t\t\t\t<\/div>\n\t\t<div class=\"elementor-element elementor-element-eab65ca e-flex e-con-boxed e-con e-parent\" data-id=\"eab65ca\" data-element_type=\"container\" data-e-type=\"container\">\n\t\t\t\t\t<div class=\"e-con-inner\">\n\t\t\t\t<div class=\"elementor-element elementor-element-62f251d elementor-widget elementor-widget-heading\" data-id=\"62f251d\" data-element_type=\"widget\" data-e-type=\"widget\" data-widget_type=\"heading.default\">\n\t\t\t\t\t<h2 class=\"elementor-heading-title elementor-size-default\">DE PALACE RIVER - NAM S\u00d4NG TR\u00c0 KH\u00daC<\/h2>\t\t\t\t<\/div>\n\t\t\t\t\t<\/div>\n\t\t\t\t<\/div>\n\t\t<div class=\"elementor-element elementor-element-3b0b190 e-flex e-con-boxed e-con e-parent\" data-id=\"3b0b190\" data-element_type=\"container\" data-e-type=\"container\">\n\t\t\t\t\t<div class=\"e-con-inner\">\n\t\t\t\t<div class=\"elementor-element elementor-element-c360c73 elementor-widget elementor-widget-text-editor\" data-id=\"c360c73\" data-element_type=\"widget\" data-e-type=\"widget\" data-widget_type=\"text-editor.default\">\n\t\t\t\t\t\t\t\t\t<p>\u00c1n ng\u1eef t\u1ea1i &#8220;d\u1ea3i l\u1ee5a v\u00e0ng&#8221; m\u1eb7t ti\u1ec1n T\u00f4n \u0110\u1ee9c Th\u1eafng, <b data-path-to-node=\"4\" data-index-in-node=\"50\">De Palace River<\/b> l\u00e0 khu \u0111\u00f4 th\u1ecb th\u01b0\u01a1ng m\u1ea1i h\u1ea1ng sang v\u1edbi phi\u00ean b\u1ea3n gi\u1edbi h\u1ea1n ch\u1ec9 55 c\u0103n Shophouse (120m2 &#8211; 424m2).<\/p>\t\t\t\t\t\t\t\t<\/div>\n\t\t\t\t\t<\/div>\n\t\t\t\t<\/div>\n\t\t<div class=\"elementor-element elementor-element-33e2920 e-flex e-con-boxed e-con e-parent\" data-id=\"33e2920\" data-element_type=\"container\" data-e-type=\"container\" data-settings=\"{&quot;background_background&quot;:&quot;classic&quot;}\">\n\t\t\t\t\t<div class=\"e-con-inner\">\n\t\t<div class=\"elementor-element elementor-element-88dba33 e-grid e-con-full e-con e-child\" data-id=\"88dba33\" data-element_type=\"container\" data-e-type=\"container\">\n\t\t\t\t<div class=\"elementor-element elementor-element-e20c516 elementor-widget elementor-widget-image\" data-id=\"e20c516\" data-element_type=\"widget\" data-e-type=\"widget\" data-widget_type=\"image.default\">\n\t\t\t\t\t\t\t\t\t\t\t\t\t\t\t<img decoding=\"async\" width=\"1024\" height=\"576\" src=\"https:\/\/nhadathopnghia.com\/wp-content\/uploads\/2026\/05\/Thiet-ke-chua-co-ten.png-2-1024x576.png\" class=\"attachment-large size-large wp-image-22\" alt=\"\" srcset=\"https:\/\/nhadathopnghia.com\/wp-content\/uploads\/2026\/05\/Thiet-ke-chua-co-ten.png-2-1024x576.png 1024w, https:\/\/nhadathopnghia.com\/wp-content\/uploads\/2026\/05\/Thiet-ke-chua-co-ten.png-2-300x169.png 300w, https:\/\/nhadathopnghia.com\/wp-content\/uploads\/2026\/05\/Thiet-ke-chua-co-ten.png-2-768x432.png 768w, https:\/\/nhadathopnghia.com\/wp-content\/uploads\/2026\/05\/Thiet-ke-chua-co-ten.png-2-1536x864.png 1536w, https:\/\/nhadathopnghia.com\/wp-content\/uploads\/2026\/05\/Thiet-ke-chua-co-ten.png-2.png 2048w\" sizes=\"(max-width: 1024px) 100vw, 1024px\" \/>\t\t\t\t\t\t\t\t\t\t\t\t\t\t\t<\/div>\n\t\t\t\t<div class=\"elementor-element elementor-element-40390da elementor-widget elementor-widget-image\" data-id=\"40390da\" data-element_type=\"widget\" data-e-type=\"widget\" data-widget_type=\"image.default\">\n\t\t\t\t\t\t\t\t\t\t\t\t\t\t\t<img decoding=\"async\" width=\"1024\" height=\"576\" src=\"https:\/\/nhadathopnghia.com\/wp-content\/uploads\/2026\/05\/Thiet-ke-chua-co-ten.png-3-1024x576.png\" class=\"attachment-large size-large wp-image-23\" alt=\"\" srcset=\"https:\/\/nhadathopnghia.com\/wp-content\/uploads\/2026\/05\/Thiet-ke-chua-co-ten.png-3-1024x576.png 1024w, https:\/\/nhadathopnghia.com\/wp-content\/uploads\/2026\/05\/Thiet-ke-chua-co-ten.png-3-300x169.png 300w, https:\/\/nhadathopnghia.com\/wp-content\/uploads\/2026\/05\/Thiet-ke-chua-co-ten.png-3-768x432.png 768w, https:\/\/nhadathopnghia.com\/wp-content\/uploads\/2026\/05\/Thiet-ke-chua-co-ten.png-3-1536x864.png 1536w, https:\/\/nhadathopnghia.com\/wp-content\/uploads\/2026\/05\/Thiet-ke-chua-co-ten.png-3.png 2048w\" sizes=\"(max-width: 1024px) 100vw, 1024px\" \/>\t\t\t\t\t\t\t\t\t\t\t\t\t\t\t<\/div>\n\t\t\t\t<div class=\"elementor-element elementor-element-dd1c894 elementor-widget elementor-widget-image\" data-id=\"dd1c894\" data-element_type=\"widget\" data-e-type=\"widget\" data-widget_type=\"image.default\">\n\t\t\t\t\t\t\t\t\t\t\t\t\t\t\t<img loading=\"lazy\" decoding=\"async\" width=\"1024\" height=\"576\" src=\"https:\/\/nhadathopnghia.com\/wp-content\/uploads\/2026\/05\/Thiet-ke-chua-co-ten.png-4-1024x576.png\" class=\"attachment-large size-large wp-image-24\" alt=\"\" srcset=\"https:\/\/nhadathopnghia.com\/wp-content\/uploads\/2026\/05\/Thiet-ke-chua-co-ten.png-4-1024x576.png 1024w, https:\/\/nhadathopnghia.com\/wp-content\/uploads\/2026\/05\/Thiet-ke-chua-co-ten.png-4-300x169.png 300w, https:\/\/nhadathopnghia.com\/wp-content\/uploads\/2026\/05\/Thiet-ke-chua-co-ten.png-4-768x432.png 768w, https:\/\/nhadathopnghia.com\/wp-content\/uploads\/2026\/05\/Thiet-ke-chua-co-ten.png-4-1536x864.png 1536w, https:\/\/nhadathopnghia.com\/wp-content\/uploads\/2026\/05\/Thiet-ke-chua-co-ten.png-4.png 2048w\" sizes=\"(max-width: 1024px) 100vw, 1024px\" \/>\t\t\t\t\t\t\t\t\t\t\t\t\t\t\t<\/div>\n\t\t\t\t<div class=\"elementor-element elementor-element-4698ac7 elementor-widget elementor-widget-image\" data-id=\"4698ac7\" data-element_type=\"widget\" data-e-type=\"widget\" data-widget_type=\"image.default\">\n\t\t\t\t\t\t\t\t\t\t\t\t\t\t\t<img loading=\"lazy\" decoding=\"async\" width=\"1024\" height=\"576\" src=\"https:\/\/nhadathopnghia.com\/wp-content\/uploads\/2026\/05\/Thiet-ke-chua-co-ten.png-1024x576.png\" class=\"attachment-large size-large wp-image-25\" alt=\"\" srcset=\"https:\/\/nhadathopnghia.com\/wp-content\/uploads\/2026\/05\/Thiet-ke-chua-co-ten.png-1024x576.png 1024w, https:\/\/nhadathopnghia.com\/wp-content\/uploads\/2026\/05\/Thiet-ke-chua-co-ten.png-300x169.png 300w, https:\/\/nhadathopnghia.com\/wp-content\/uploads\/2026\/05\/Thiet-ke-chua-co-ten.png-768x432.png 768w, https:\/\/nhadathopnghia.com\/wp-content\/uploads\/2026\/05\/Thiet-ke-chua-co-ten.png-1536x864.png 1536w, https:\/\/nhadathopnghia.com\/wp-content\/uploads\/2026\/05\/Thiet-ke-chua-co-ten.png.png 2048w\" sizes=\"(max-width: 1024px) 100vw, 1024px\" \/>\t\t\t\t\t\t\t\t\t\t\t\t\t\t\t<\/div>\n\t\t\t\t<\/div>\n\t\t\t\t\t<\/div>\n\t\t\t\t<\/div>\n\t\t<div class=\"elementor-element elementor-element-8be81aa e-flex e-con-boxed e-con e-parent\" data-id=\"8be81aa\" data-element_type=\"container\" data-e-type=\"container\">\n\t\t\t\t\t<div class=\"e-con-inner\">\n\t\t<div class=\"elementor-element elementor-element-e710737 e-con-full e-flex e-con e-child\" data-id=\"e710737\" data-element_type=\"container\" data-e-type=\"container\">\n\t\t\t\t<div class=\"elementor-element elementor-element-a0c2518 elementor-widget elementor-widget-image\" data-id=\"a0c2518\" data-element_type=\"widget\" data-e-type=\"widget\" data-widget_type=\"image.default\">\n\t\t\t\t\t\t\t\t\t\t\t\t\t\t\t<img decoding=\"async\" src=\"https:\/\/nhadathopnghia.com\/wp-content\/plugins\/elementor\/assets\/images\/placeholder.png\" title=\"\" alt=\"\" loading=\"lazy\" \/>\t\t\t\t\t\t\t\t\t\t\t\t\t\t\t<\/div>\n\t\t\t\t<\/div>\n\t\t<div class=\"elementor-element elementor-element-a611ba6 e-con-full e-flex e-con e-child\" data-id=\"a611ba6\" data-element_type=\"container\" data-e-type=\"container\">\n\t\t<div class=\"elementor-element elementor-element-97b77c6 e-con-full e-flex e-con e-child\" data-id=\"97b77c6\" data-element_type=\"container\" data-e-type=\"container\">\n\t\t\t\t<div class=\"elementor-element elementor-element-e7a5204 elementor-widget elementor-widget-image\" data-id=\"e7a5204\" data-element_type=\"widget\" data-e-type=\"widget\" data-widget_type=\"image.default\">\n\t\t\t\t\t\t\t\t\t\t\t\t\t\t\t<img decoding=\"async\" src=\"https:\/\/nhadathopnghia.com\/wp-content\/plugins\/elementor\/assets\/images\/placeholder.png\" title=\"\" alt=\"\" loading=\"lazy\" \/>\t\t\t\t\t\t\t\t\t\t\t\t\t\t\t<\/div>\n\t\t\t\t<\/div>\n\t\t<div class=\"elementor-element elementor-element-87c536a e-con-full e-flex e-con e-child\" data-id=\"87c536a\" data-element_type=\"container\" data-e-type=\"container\">\n\t\t\t\t<div class=\"elementor-element elementor-element-1a659c6 elementor-widget elementor-widget-image\" data-id=\"1a659c6\" data-element_type=\"widget\" data-e-type=\"widget\" data-widget_type=\"image.default\">\n\t\t\t\t\t\t\t\t\t\t\t\t\t\t\t<img decoding=\"async\" src=\"https:\/\/nhadathopnghia.com\/wp-content\/plugins\/elementor\/assets\/images\/placeholder.png\" title=\"\" alt=\"\" loading=\"lazy\" \/>\t\t\t\t\t\t\t\t\t\t\t\t\t\t\t<\/div>\n\t\t\t\t<\/div>\n\t\t\t\t<\/div>\n\t\t\t\t\t<\/div>\n\t\t\t\t<\/div>\n\t\t<div class=\"elementor-element elementor-element-6f78e6a e-flex e-con-boxed e-con e-parent\" data-id=\"6f78e6a\" data-element_type=\"container\" data-e-type=\"container\">\n\t\t\t\t\t<div class=\"e-con-inner\">\n\t\t\t\t<div class=\"elementor-element elementor-element-59ba005 elementor-widget elementor-widget-heading\" data-id=\"59ba005\" data-element_type=\"widget\" data-e-type=\"widget\" data-widget_type=\"heading.default\">\n\t\t\t\t\t<h2 class=\"elementor-heading-title elementor-size-default\">TI\u1ec6N \u00cdCH &amp; LI\u00caN K\u1ebeT V\u00d9NG<\/h2>\t\t\t\t<\/div>\n\t\t\t\t\t<\/div>\n\t\t\t\t<\/div>\n\t\t<div class=\"elementor-element elementor-element-fa2e72c e-flex e-con-boxed e-con e-parent\" data-id=\"fa2e72c\" data-element_type=\"container\" data-e-type=\"container\">\n\t\t\t\t\t<div class=\"e-con-inner\">\n\t\t\t\t<div class=\"elementor-element elementor-element-c4ecb57 elementor-widget elementor-widget-image\" data-id=\"c4ecb57\" data-element_type=\"widget\" data-e-type=\"widget\" data-widget_type=\"image.default\">\n\t\t\t\t\t\t\t\t\t\t\t\t\t\t\t<img loading=\"lazy\" decoding=\"async\" width=\"1024\" height=\"682\" src=\"https:\/\/nhadathopnghia.com\/wp-content\/uploads\/2026\/05\/3-1024x682.png\" class=\"attachment-large size-large wp-image-94\" alt=\"\" srcset=\"https:\/\/nhadathopnghia.com\/wp-content\/uploads\/2026\/05\/3-1024x682.png 1024w, https:\/\/nhadathopnghia.com\/wp-content\/uploads\/2026\/05\/3-300x200.png 300w, https:\/\/nhadathopnghia.com\/wp-content\/uploads\/2026\/05\/3-768x512.png 768w, https:\/\/nhadathopnghia.com\/wp-content\/uploads\/2026\/05\/3-1536x1024.png 1536w, https:\/\/nhadathopnghia.com\/wp-content\/uploads\/2026\/05\/3.png 2000w\" sizes=\"(max-width: 1024px) 100vw, 1024px\" \/>\t\t\t\t\t\t\t\t\t\t\t\t\t\t\t<\/div>\n\t\t\t\t\t<\/div>\n\t\t\t\t<\/div>\n\t\t<div class=\"elementor-element elementor-element-fb68cc1 e-flex e-con-boxed e-con e-parent\" data-id=\"fb68cc1\" data-element_type=\"container\" data-e-type=\"container\">\n\t\t\t\t\t<div class=\"e-con-inner\">\n\t\t\t\t<div class=\"elementor-element elementor-element-fbc007e elementor-widget elementor-widget-heading\" data-id=\"fbc007e\" data-element_type=\"widget\" data-e-type=\"widget\" data-widget_type=\"heading.default\">\n\t\t\t\t\t<h2 class=\"elementor-heading-title elementor-size-default\">GI\u1ece H\u00c0NG M\u1edaI NH\u1ea4T<\/h2>\t\t\t\t<\/div>\n\t\t\t\t\t<\/div>\n\t\t\t\t<\/div>\n\t\t<div class=\"elementor-element elementor-element-a97ddad e-flex e-con-boxed e-con e-parent\" data-id=\"a97ddad\" data-element_type=\"container\" data-e-type=\"container\">\n\t\t\t\t\t<div class=\"e-con-inner\">\n\t\t\t\t<div class=\"elementor-element elementor-element-e7905b3 elementor-widget elementor-widget-image\" data-id=\"e7905b3\" data-element_type=\"widget\" data-e-type=\"widget\" data-widget_type=\"image.default\">\n\t\t\t\t\t\t\t\t\t\t\t\t\t\t\t<img loading=\"lazy\" decoding=\"async\" width=\"1024\" height=\"682\" src=\"https:\/\/nhadathopnghia.com\/wp-content\/uploads\/2026\/05\/5-1024x682.png\" class=\"attachment-large size-large wp-image-95\" alt=\"\" srcset=\"https:\/\/nhadathopnghia.com\/wp-content\/uploads\/2026\/05\/5-1024x682.png 1024w, https:\/\/nhadathopnghia.com\/wp-content\/uploads\/2026\/05\/5-300x200.png 300w, https:\/\/nhadathopnghia.com\/wp-content\/uploads\/2026\/05\/5-768x512.png 768w, https:\/\/nhadathopnghia.com\/wp-content\/uploads\/2026\/05\/5-1536x1024.png 1536w, https:\/\/nhadathopnghia.com\/wp-content\/uploads\/2026\/05\/5.png 2000w\" sizes=\"(max-width: 1024px) 100vw, 1024px\" \/>\t\t\t\t\t\t\t\t\t\t\t\t\t\t\t<\/div>\n\t\t\t\t\t<\/div>\n\t\t\t\t<\/div>\n\t\t<div class=\"elementor-element elementor-element-b78b3f0 e-flex e-con-boxed e-con e-parent\" data-id=\"b78b3f0\" data-element_type=\"container\" data-e-type=\"container\">\n\t\t\t\t\t<div class=\"e-con-inner\">\n\t\t<div class=\"elementor-element elementor-element-068fb37 e-con-full e-flex e-con e-child\" data-id=\"068fb37\" data-element_type=\"container\" data-e-type=\"container\">\n\t\t\t\t<div class=\"elementor-element elementor-element-9844350 elementor-widget elementor-widget-image\" data-id=\"9844350\" data-element_type=\"widget\" data-e-type=\"widget\" data-widget_type=\"image.default\">\n\t\t\t\t\t\t\t\t\t\t\t\t\t\t\t<img loading=\"lazy\" decoding=\"async\" width=\"1024\" height=\"768\" src=\"https:\/\/nhadathopnghia.com\/wp-content\/uploads\/2026\/05\/duy-1024x768.jpg\" class=\"attachment-large size-large wp-image-96\" alt=\"\" srcset=\"https:\/\/nhadathopnghia.com\/wp-content\/uploads\/2026\/05\/duy-1024x768.jpg 1024w, https:\/\/nhadathopnghia.com\/wp-content\/uploads\/2026\/05\/duy-300x225.jpg 300w, https:\/\/nhadathopnghia.com\/wp-content\/uploads\/2026\/05\/duy-768x576.jpg 768w, https:\/\/nhadathopnghia.com\/wp-content\/uploads\/2026\/05\/duy.jpg 1280w\" sizes=\"(max-width: 1024px) 100vw, 1024px\" \/>\t\t\t\t\t\t\t\t\t\t\t\t\t\t\t<\/div>\n\t\t\t\t<\/div>\n\t\t<div class=\"elementor-element elementor-element-24c2a65 e-con-full e-flex e-con e-child\" data-id=\"24c2a65\" data-element_type=\"container\" data-e-type=\"container\">\n\t\t\t\t<div class=\"elementor-element elementor-element-b80b561 elementor-widget elementor-widget-heading\" data-id=\"b80b561\" data-element_type=\"widget\" data-e-type=\"widget\" data-widget_type=\"heading.default\">\n\t\t\t\t\t<h2 class=\"elementor-heading-title elementor-size-default\">T\u00ccM C\u0102N NH\u00c0 PH\u00d9 H\u1ee2P CH\u1ec8 TRONG 1 CU\u1ed8C G\u1eccI<\/h2>\t\t\t\t<\/div>\n\t\t\t\t<div class=\"elementor-element elementor-element-0a68464 elementor-widget elementor-widget-text-editor\" data-id=\"0a68464\" data-element_type=\"widget\" data-e-type=\"widget\" data-widget_type=\"text-editor.default\">\n\t\t\t\t\t\t\t\t\t<p>H\u1ed7 tr\u1ee3 t\u01b0 v\u1ea5n s\u1ea3n ph\u1ea9m ph\u00f9 h\u1ee3p nhu c\u1ea7u \u1edf th\u1ef1c v\u00e0 \u0111\u1ea7u t\u01b0,. c\u1eadp nh\u1eadt b\u1ea3ng gi\u00e1 \u2013 ch\u00ednh s\u00e1ch m\u1edbi nh\u1ea5t m\u1ed7i ng\u00e0y<\/p>\t\t\t\t\t\t\t\t<\/div>\n\t\t\t\t<div class=\"elementor-element elementor-element-f3a9a26 elementor-widget elementor-widget-button\" data-id=\"f3a9a26\" data-element_type=\"widget\" data-e-type=\"widget\" data-widget_type=\"button.default\">\n\t\t\t\t\t\t\t\t\t\t<a class=\"elementor-button elementor-button-link elementor-size-sm\" href=\"#\">\n\t\t\t\t\t\t<span class=\"elementor-button-content-wrapper\">\n\t\t\t\t\t\t\t\t\t<span class=\"elementor-button-text\">G\u1ecdi ngay<\/span>\n\t\t\t\t\t<\/span>\n\t\t\t\t\t<\/a>\n\t\t\t\t\t\t\t\t<\/div>\n\t\t\t\t<div class=\"elementor-element elementor-element-0ab7a8a elementor-shape-circle e-grid-align-left elementor-grid-0 elementor-widget elementor-widget-social-icons\" data-id=\"0ab7a8a\" data-element_type=\"widget\" data-e-type=\"widget\" data-widget_type=\"social-icons.default\">\n\t\t\t\t\t\t\t<div class=\"elementor-social-icons-wrapper elementor-grid\" role=\"list\">\n\t\t\t\t\t\t\t<span class=\"elementor-grid-item\" role=\"listitem\">\n\t\t\t\t\t<a class=\"elementor-icon elementor-social-icon elementor-social-icon-facebook elementor-repeater-item-ce85137\" target=\"_blank\">\n\t\t\t\t\t\t<span class=\"elementor-screen-only\">Facebook<\/span>\n\t\t\t\t\t\t<svg aria-hidden=\"true\" class=\"e-font-icon-svg e-fab-facebook\" viewBox=\"0 0 512 512\" xmlns=\"http:\/\/www.w3.org\/2000\/svg\"><path d=\"M504 256C504 119 393 8 256 8S8 119 8 256c0 123.78 90.69 226.38 209.25 245V327.69h-63V256h63v-54.64c0-62.15 37-96.48 93.67-96.48 27.14 0 55.52 4.84 55.52 4.84v61h-31.28c-30.8 0-40.41 19.12-40.41 38.73V256h68.78l-11 71.69h-57.78V501C413.31 482.38 504 379.78 504 256z\"><\/path><\/svg>\t\t\t\t\t<\/a>\n\t\t\t\t<\/span>\n\t\t\t\t\t\t\t<span class=\"elementor-grid-item\" role=\"listitem\">\n\t\t\t\t\t<a class=\"elementor-icon elementor-social-icon elementor-social-icon-x-twitter elementor-repeater-item-35e4f15\" target=\"_blank\">\n\t\t\t\t\t\t<span class=\"elementor-screen-only\">X-twitter<\/span>\n\t\t\t\t\t\t<svg aria-hidden=\"true\" class=\"e-font-icon-svg e-fab-x-twitter\" viewBox=\"0 0 512 512\" xmlns=\"http:\/\/www.w3.org\/2000\/svg\"><path d=\"M389.2 48h70.6L305.6 224.2 487 464H345L233.7 318.6 106.5 464H35.8L200.7 275.5 26.8 48H172.4L272.9 180.9 389.2 48zM364.4 421.8h39.1L151.1 88h-42L364.4 421.8z\"><\/path><\/svg>\t\t\t\t\t<\/a>\n\t\t\t\t<\/span>\n\t\t\t\t\t\t\t<span class=\"elementor-grid-item\" role=\"listitem\">\n\t\t\t\t\t<a class=\"elementor-icon elementor-social-icon elementor-social-icon-youtube elementor-repeater-item-4fb087d\" target=\"_blank\">\n\t\t\t\t\t\t<span class=\"elementor-screen-only\">Youtube<\/span>\n\t\t\t\t\t\t<svg aria-hidden=\"true\" class=\"e-font-icon-svg e-fab-youtube\" viewBox=\"0 0 576 512\" xmlns=\"http:\/\/www.w3.org\/2000\/svg\"><path d=\"M549.655 124.083c-6.281-23.65-24.787-42.276-48.284-48.597C458.781 64 288 64 288 64S117.22 64 74.629 75.486c-23.497 6.322-42.003 24.947-48.284 48.597-11.412 42.867-11.412 132.305-11.412 132.305s0 89.438 11.412 132.305c6.281 23.65 24.787 41.5 48.284 47.821C117.22 448 288 448 288 448s170.78 0 213.371-11.486c23.497-6.321 42.003-24.171 48.284-47.821 11.412-42.867 11.412-132.305 11.412-132.305s0-89.438-11.412-132.305zm-317.51 213.508V175.185l142.739 81.205-142.739 81.201z\"><\/path><\/svg>\t\t\t\t\t<\/a>\n\t\t\t\t<\/span>\n\t\t\t\t\t<\/div>\n\t\t\t\t\t\t<\/div>\n\t\t\t\t<\/div>\n\t\t\t\t\t<\/div>\n\t\t\t\t<\/div>\n\t\t\t\t<\/div>\n\t\t","protected":false},"excerpt":{"rendered":"<p>DE PALACE RIVER &#8211; NAM S\u00d4NG TR\u00c0 KH\u00daC \u00c1n ng\u1eef t\u1ea1i &#8220;d\u1ea3i l\u1ee5a v\u00e0ng&#8221; m\u1eb7t ti\u1ec1n T\u00f4n \u0110\u1ee9c Th\u1eafng, De [&hellip;]<\/p>\n","protected":false},"author":1,"featured_media":0,"parent":0,"menu_order":0,"comment_status":"closed","ping_status":"closed","template":"","meta":{"site-sidebar-layout":"no-sidebar","site-content-layout":"","ast-site-content-layout":"full-width-container","site-content-style":"default","site-sidebar-style":"default","ast-global-header-display":"","ast-banner-title-visibility":"","ast-main-header-display":"","ast-hfb-above-header-display":"","ast-hfb-below-header-display":"","ast-hfb-mobile-header-display":"","site-post-title":"disabled","ast-breadcrumbs-content":"","ast-featured-img":"disabled","footer-sml-layout":"","ast-disable-related-posts":"","theme-transparent-header-meta":"","adv-header-id-meta":"","stick-header-meta":"","header-above-stick-meta":"","header-main-stick-meta":"","header-below-stick-meta":"","astra-migrate-meta-layouts":"default","ast-page-background-enabled":"default","ast-page-background-meta":{"desktop":{"background-color":"var(--ast-global-color-5)","background-image":"","background-repeat":"repeat","background-position":"center center","background-size":"auto","background-attachment":"scroll","background-type":"","background-media":"","overlay-type":"","overlay-color":"","overlay-opacity":"","overlay-gradient":""},"tablet":{"background-color":"","background-image":"","background-repeat":"repeat","background-position":"center center","background-size":"auto","background-attachment":"scroll","background-type":"","background-media":"","overlay-type":"","overlay-color":"","overlay-opacity":"","overlay-gradient":""},"mobile":{"background-color":"","background-image":"","background-repeat":"repeat","background-position":"center center","background-size":"auto","background-attachment":"scroll","background-type":"","background-media":"","overlay-type":"","overlay-color":"","overlay-opacity":"","overlay-gradient":""}},"ast-content-background-meta":{"desktop":{"background-color":"var(--ast-global-color-4)","background-image":"","background-repeat":"repeat","background-position":"center center","background-size":"auto","background-attachment":"scroll","background-type":"","background-media":"","overlay-type":"","overlay-color":"","overlay-opacity":"","overlay-gradient":""},"tablet":{"background-color":"var(--ast-global-color-4)","background-image":"","background-repeat":"repeat","background-position":"center center","background-size":"auto","background-attachment":"scroll","background-type":"","background-media":"","overlay-type":"","overlay-color":"","overlay-opacity":"","overlay-gradient":""},"mobile":{"background-color":"var(--ast-global-color-4)","background-image":"","background-repeat":"repeat","background-position":"center center","background-size":"auto","background-attachment":"scroll","background-type":"","background-media":"","overlay-type":"","overlay-color":"","overlay-opacity":"","overlay-gradient":""}},"footnotes":""},"class_list":["post-9","page","type-page","status-publish","hentry"],"_links":{"self":[{"href":"https:\/\/nhadathopnghia.com\/index.php\/wp-json\/wp\/v2\/pages\/9","targetHints":{"allow":["GET"]}}],"collection":[{"href":"https:\/\/nhadathopnghia.com\/index.php\/wp-json\/wp\/v2\/pages"}],"about":[{"href":"https:\/\/nhadathopnghia.com\/index.php\/wp-json\/wp\/v2\/types\/page"}],"author":[{"embeddable":true,"href":"https:\/\/nhadathopnghia.com\/index.php\/wp-json\/wp\/v2\/users\/1"}],"replies":[{"embeddable":true,"href":"https:\/\/nhadathopnghia.com\/index.php\/wp-json\/wp\/v2\/comments?post=9"}],"version-history":[{"count":22,"href":"https:\/\/nhadathopnghia.com\/index.php\/wp-json\/wp\/v2\/pages\/9\/revisions"}],"predecessor-version":[{"id":99,"href":"https:\/\/nhadathopnghia.com\/index.php\/wp-json\/wp\/v2\/pages\/9\/revisions\/99"}],"wp:attachment":[{"href":"https:\/\/nhadathopnghia.com\/index.php\/wp-json\/wp\/v2\/media?parent=9"}],"curies":[{"name":"wp","href":"https:\/\/api.w.org\/{rel}","templated":true}]}}